{"id":74,"date":"2022-12-07T09:53:35","date_gmt":"2022-12-07T08:53:35","guid":{"rendered":"http:\/\/jogawfirmie.pl\/?page_id=74"},"modified":"2022-12-07T12:07:36","modified_gmt":"2022-12-07T11:07:36","slug":"czym-tak-naprawde-jest-joga","status":"publish","type":"page","link":"https:\/\/jogawfirmie.pl\/?page_id=74","title":{"rendered":"Czym tak naprawd\u0119 jest Joga?"},"content":{"rendered":"\n<p><strong>Joga<\/strong>&nbsp;\u2013 w sanskrycie \u201eyoga\u201d oznacza po\u0142\u0105czenie, zjednoczenie. Jest to jeden z sze\u015bciu&nbsp;system\u00f3w filozofii indyjskiej, opracowany, zebrany i usystematyzowany przez Patand\u017calego w jego klasycznym dziele \u201eJoga sutry\u201d. Joga zajmuje si\u0119 wszelkimi zwi\u0105zkami pomi\u0119dzy cia\u0142em i&nbsp;umys\u0142em. Zak\u0142ada, \u017ce dzi\u0119ki odpowiedniemu treningowi cia\u0142a (w tym&nbsp;ascezie), dyscyplinie duchowej (medytacji), a tak\u017ce przestrzeganiu zasad etycznych praktykuj\u0105cy ma mo\u017cliwo\u015b\u0107 rozpoznania natury rzeczywisto\u015bci. Z religijnego punktu widzenia ma to prowadzi\u0107 do przezwyci\u0119\u017cenia prawa&nbsp;karmana&nbsp;i&nbsp;wyzwolenia&nbsp;z kr\u0119gu wciele\u0144 (sansara).<\/p>\n\n\n\n<p><strong>Joga w potocznym rozumieniu<\/strong> \u2013 joga w \u015bwiecie zachodnim jest uto\u017csamiana z zestawem \u0107wicze\u0144 fizycznych (asan), uprawianych g\u0142\u00f3wnie dla zdrowia. I do praktyki tak rozumianej jogi Ci\u0119 zapraszamy.<\/p>\n","protected":false},"excerpt":{"rendered":"<p>Joga&nbsp;\u2013 w sanskrycie \u201eyoga\u201d oznacza po\u0142\u0105czenie, zjednoczenie. Jest to jeden z sze\u015bciu&nbsp;system\u00f3w filozofii indyjskiej, opracowany, zebrany i usystematyzowany przez Patand\u017calego w jego klasycznym dziele \u201eJoga sutry\u201d. Joga zajmuje si\u0119 wszelkimi zwi\u0105zkami pomi\u0119dzy cia\u0142em i&nbsp;umys\u0142em. Zak\u0142ada, \u017ce dzi\u0119ki odpowiedniemu treningowi cia\u0142a (w tym&nbsp;ascezie), dyscyplinie duchowej (medytacji), a tak\u017ce przestrzeganiu zasad etycznych praktykuj\u0105cy ma mo\u017cliwo\u015b\u0107 rozpoznania natury &hellip; <\/p>\n","protected":false},"author":1,"featured_media":0,"parent":39,"menu_order":0,"comment_status":"closed","ping_status":"closed","template":"","meta":{"footnotes":""},"class_list":["post-74","page","type-page","status-publish","hentry"],"_links":{"self":[{"href":"https:\/\/jogawfirmie.pl\/index.php?rest_route=\/wp\/v2\/pages\/74","targetHints":{"allow":["GET"]}}],"collection":[{"href":"https:\/\/jogawfirmie.pl\/index.php?rest_route=\/wp\/v2\/pages"}],"about":[{"href":"https:\/\/jogawfirmie.pl\/index.php?rest_route=\/wp\/v2\/types\/page"}],"author":[{"embeddable":true,"href":"https:\/\/jogawfirmie.pl\/index.php?rest_route=\/wp\/v2\/users\/1"}],"replies":[{"embeddable":true,"href":"https:\/\/jogawfirmie.pl\/index.php?rest_route=%2Fwp%2Fv2%2Fcomments&post=74"}],"version-history":[{"count":2,"href":"https:\/\/jogawfirmie.pl\/index.php?rest_route=\/wp\/v2\/pages\/74\/revisions"}],"predecessor-version":[{"id":149,"href":"https:\/\/jogawfirmie.pl\/index.php?rest_route=\/wp\/v2\/pages\/74\/revisions\/149"}],"up":[{"embeddable":true,"href":"https:\/\/jogawfirmie.pl\/index.php?rest_route=\/wp\/v2\/pages\/39"}],"wp:attachment":[{"href":"https:\/\/jogawfirmie.pl\/index.php?rest_route=%2Fwp%2Fv2%2Fmedia&parent=74"}],"curies":[{"name":"wp","href":"https:\/\/api.w.org\/{rel}","templated":true}]}}